{"id":1257,"date":"2025-06-30T18:14:17","date_gmt":"2025-06-30T16:14:17","guid":{"rendered":"https:\/\/pulptec.karolzyk.de\/whistleblower-meldeservice\/"},"modified":"2025-07-18T15:13:04","modified_gmt":"2025-07-18T13:13:04","slug":"whistleblower-meldeservice","status":"publish","type":"page","link":"https:\/\/www.pulp-tec.com\/de\/whistleblower-meldeservice\/","title":{"rendered":"Whistleblower-Meldeservice"},"content":{"rendered":"[vc_row type=&#8220;in_container&#8220; full_screen_row_position=&#8220;middle&#8220; column_margin=&#8220;default&#8220; column_direction=&#8220;default&#8220; column_direction_tablet=&#8220;default&#8220; column_direction_phone=&#8220;default&#8220; scene_position=&#8220;center&#8220; text_color=&#8220;dark&#8220; text_align=&#8220;left&#8220; row_border_radius=&#8220;none&#8220; row_border_radius_applies=&#8220;bg&#8220; overflow=&#8220;visible&#8220; overlay_strength=&#8220;0.3&#8243; gradient_direction=&#8220;left_to_right&#8220; shape_divider_position=&#8220;bottom&#8220; bg_image_animation=&#8220;none&#8220;][vc_column column_padding=&#8220;no-extra-padding&#8220; column_padding_tablet=&#8220;inherit&#8220; column_padding_phone=&#8220;inherit&#8220; column_padding_position=&#8220;all&#8220; column_element_direction_desktop=&#8220;default&#8220; column_element_spacing=&#8220;default&#8220; desktop_text_alignment=&#8220;default&#8220; tablet_text_alignment=&#8220;default&#8220; phone_text_alignment=&#8220;default&#8220; background_color_opacity=&#8220;1&#8243; background_hover_color_opacity=&#8220;1&#8243; column_backdrop_filter=&#8220;none&#8220; column_shadow=&#8220;none&#8220; column_border_radius=&#8220;none&#8220; column_link_target=&#8220;_self&#8220; column_position=&#8220;default&#8220; gradient_direction=&#8220;left_to_right&#8220; overlay_strength=&#8220;0.3&#8243; width=&#8220;1\/1&#8243; tablet_width_inherit=&#8220;default&#8220; animation_type=&#8220;default&#8220; bg_image_animation=&#8220;none&#8220; border_type=&#8220;simple&#8220; column_border_width=&#8220;none&#8220; column_border_style=&#8220;solid&#8220;][vc_column_text css=&#8220;&#8220; text_direction=&#8220;default&#8220;]\r\n<h1>Whistleblower-Meldeservice<\/h1>\r\nHaben Sie im Zusammenhang mit Ihrer beruflichen T\u00e4tigkeit\r\nInformationen \u00fcber Verst\u00f6\u00dfe erhalten? Ziehen Sie in Erw\u00e4gung, einen solchen Versto\u00df an unsere Meldestelle zu melden, damit entsprechende Folgema\u00dfnahmen ergriffen werden k\u00f6nnen?\r\n\r\nSie k\u00f6nnen uns Ihre Informationen \u00fcber unsere Meldestelle zukommen lassen und so zur\r\neffektiven Aufdeckung, Untersuchung und Verfolgung von Verst\u00f6\u00dfen beitragen.\r\n\r\nWhistleblower leisten einen wichtigen Beitrag zur Aufdeckung und Bestrafung von\r\nFehlverhalten. Allerdings gab es in der Vergangenheit F\u00e4lle, in denen sie aufgrund der Meldung von Fehlverhalten beruflich\r\nbenachteiligt wurden. Das Ziel des Hinweisgeberschutzgesetzes (HinSchG) ist es, Hinweisgeber vor Nachteilen zu sch\u00fctzen und ihnen Rechtssicherheit zu geben. Ein weiteres Kernelement des HinSchG ist der bestm\u00f6gliche Schutz ihrer Identit\u00e4t. Unsere Meldestelle sch\u00fctzt Ihre Identit\u00e4t und ist Ihre zentrale Anlaufstelle.\r\n\r\n<strong>Wichtiger Hinweis<\/strong>\r\n<h3 class=\"hl-sub\">Meldung von Verst\u00f6\u00dfen<\/h3>\r\nBei aktuellen Gefahren oder bedrohlichen Situationen wenden Sie sich bitte zun\u00e4chst an die bekannten Notrufnummern\r\noder an die n\u00e4chste Polizeistation.\r\n\r\nBitte beachten Sie: Eine vors\u00e4tzlich falsche Meldung kann Konsequenzen haben.\r\n<h3 class=\"hl-sub\">Whistleblower-Meldeservice<\/h3>\r\n\u00dcber diesen <a href=\"https:\/\/hinweisgeberschutz-meldesystem.de\/whistleblowing\/pulp-tec\" target=\"_blank\" rel=\"noopener\">Link<\/a> gelangen Sie zu unserer Meldestelle.\r\n\r\n<strong>Gesetzestexte &amp; weitere Informationen<\/strong>\r\n\r\n<a href=\"https:\/\/www.gesetze-im-internet.de\/hinschg\/index.html\" target=\"_blank\" rel=\"noopener\">Gesetz zum Schutz von Whistleblowern<\/a>\r\n\r\n<a href=\"https:\/\/eur-lex.europa.eu\/legal-content\/DE\/TXT\/PDF\/?uri=CELEX:02019L1937-20230502\" target=\"_blank\" rel=\"noopener\">Richtlinie (EU) 2019\/1937 (Whistleblowing-Richtlinie)<\/a>\r\n\r\n[\/vc_column_text][\/vc_column][\/vc_row]<!-- \/wp:post-content -->","protected":false},"excerpt":{"rendered":"<p>[vc_row type=&#8220;in_container&#8220; full_screen_row_position=&#8220;middle&#8220; column_margin=&#8220;default&#8220; column_direction=&#8220;default&#8220; column_direction_tablet=&#8220;default&#8220; column_direction_phone=&#8220;default&#8220; scene_position=&#8220;center&#8220; text_color=&#8220;dark&#8220; text_align=&#8220;left&#8220; row_border_radius=&#8220;none&#8220; row_border_radius_applies=&#8220;bg&#8220; overflow=&#8220;visible&#8220; overlay_strength=&#8220;0.3&#8243; gradient_direction=&#8220;left_to_right&#8220; shape_divider_position=&#8220;bottom&#8220; bg_image_animation=&#8220;none&#8220;][vc_column column_padding=&#8220;no-extra-padding&#8220; column_padding_tablet=&#8220;inherit&#8220; column_padding_phone=&#8220;inherit&#8220; column_padding_position=&#8220;all&#8220; column_element_direction_desktop=&#8220;default&#8220; column_element_spacing=&#8220;default&#8220; desktop_text_alignment=&#8220;default&#8220; tablet_text_alignment=&#8220;default&#8220; phone_text_alignment=&#8220;default&#8220; background_color_opacity=&#8220;1&#8243; background_hover_color_opacity=&#8220;1&#8243; column_backdrop_filter=&#8220;none&#8220; column_shadow=&#8220;none&#8220;&#8230;<\/p>\n","protected":false},"author":1,"featured_media":0,"parent":0,"menu_order":0,"comment_status":"closed","ping_status":"closed","template":"","meta":{"_acf_changed":false,"inline_featured_image":false,"footnotes":""},"class_list":["post-1257","page","type-page","status-publish"],"acf":[],"yoast_head":"<!-- This site is optimized with the Yoast SEO plugin v27.4 - https:\/\/yoast.com\/product\/yoast-seo-wordpress\/ -->\n<title>Whistleblower-Meldeservice - Pulp-Tec<\/title>\n<meta name=\"robots\" content=\"index, follow, max-snippet:-1, max-image-preview:large, max-video-preview:-1\" \/>\n<link rel=\"canonical\" href=\"https:\/\/www.pulp-tec.com\/de\/whistleblower-meldeservice\/\" \/>\n<meta property=\"og:locale\" content=\"de_DE\" \/>\n<meta property=\"og:type\" content=\"article\" \/>\n<meta property=\"og:title\" content=\"Whistleblower-Meldeservice - Pulp-Tec\" \/>\n<meta property=\"og:description\" content=\"[vc_row type=&#8220;in_container&#8220; full_screen_row_position=&#8220;middle&#8220; column_margin=&#8220;default&#8220; column_direction=&#8220;default&#8220; column_direction_tablet=&#8220;default&#8220; column_direction_phone=&#8220;default&#8220; scene_position=&#8220;center&#8220; text_color=&#8220;dark&#8220; text_align=&#8220;left&#8220; row_border_radius=&#8220;none&#8220; row_border_radius_applies=&#8220;bg&#8220; overflow=&#8220;visible&#8220; overlay_strength=&#8220;0.3&#8243; gradient_direction=&#8220;left_to_right&#8220; shape_divider_position=&#8220;bottom&#8220; bg_image_animation=&#8220;none&#8220;][vc_column column_padding=&#8220;no-extra-padding&#8220; column_padding_tablet=&#8220;inherit&#8220; column_padding_phone=&#8220;inherit&#8220; column_padding_position=&#8220;all&#8220; column_element_direction_desktop=&#8220;default&#8220; column_element_spacing=&#8220;default&#8220; desktop_text_alignment=&#8220;default&#8220; tablet_text_alignment=&#8220;default&#8220; phone_text_alignment=&#8220;default&#8220; background_color_opacity=&#8220;1&#8243; background_hover_color_opacity=&#8220;1&#8243; column_backdrop_filter=&#8220;none&#8220; column_shadow=&#8220;none&#8220;...\" \/>\n<meta property=\"og:url\" content=\"https:\/\/www.pulp-tec.com\/de\/whistleblower-meldeservice\/\" \/>\n<meta property=\"og:site_name\" content=\"Pulp-Tec\" \/>\n<meta property=\"article:modified_time\" content=\"2025-07-18T13:13:04+00:00\" \/>\n<meta name=\"twitter:card\" content=\"summary_large_image\" \/>\n<meta name=\"twitter:label1\" content=\"Gesch\u00e4tzte Lesezeit\" \/>\n\t<meta name=\"twitter:data1\" content=\"2\u00a0Minuten\" \/>\n<script type=\"application\/ld+json\" class=\"yoast-schema-graph\">{\"@context\":\"https:\\\/\\\/schema.org\",\"@graph\":[{\"@type\":\"WebPage\",\"@id\":\"https:\\\/\\\/www.pulp-tec.com\\\/de\\\/whistleblower-meldeservice\\\/\",\"url\":\"https:\\\/\\\/www.pulp-tec.com\\\/de\\\/whistleblower-meldeservice\\\/\",\"name\":\"Whistleblower-Meldeservice - Pulp-Tec\",\"isPartOf\":{\"@id\":\"https:\\\/\\\/www.pulp-tec.com\\\/de\\\/#website\"},\"datePublished\":\"2025-06-30T16:14:17+00:00\",\"dateModified\":\"2025-07-18T13:13:04+00:00\",\"breadcrumb\":{\"@id\":\"https:\\\/\\\/www.pulp-tec.com\\\/de\\\/whistleblower-meldeservice\\\/#breadcrumb\"},\"inLanguage\":\"de\",\"potentialAction\":[{\"@type\":\"ReadAction\",\"target\":[\"https:\\\/\\\/www.pulp-tec.com\\\/de\\\/whistleblower-meldeservice\\\/\"]}]},{\"@type\":\"BreadcrumbList\",\"@id\":\"https:\\\/\\\/www.pulp-tec.com\\\/de\\\/whistleblower-meldeservice\\\/#breadcrumb\",\"itemListElement\":[{\"@type\":\"ListItem\",\"position\":1,\"name\":\"Start\",\"item\":\"https:\\\/\\\/www.pulp-tec.com\\\/de\\\/pulptec-startseite\\\/\"},{\"@type\":\"ListItem\",\"position\":2,\"name\":\"Whistleblower-Meldeservice\"}]},{\"@type\":\"WebSite\",\"@id\":\"https:\\\/\\\/www.pulp-tec.com\\\/de\\\/#website\",\"url\":\"https:\\\/\\\/www.pulp-tec.com\\\/de\\\/\",\"name\":\"Pulp-Tec\",\"description\":\"Moulded Pulp\",\"publisher\":{\"@id\":\"https:\\\/\\\/www.pulp-tec.com\\\/de\\\/#organization\"},\"potentialAction\":[{\"@type\":\"SearchAction\",\"target\":{\"@type\":\"EntryPoint\",\"urlTemplate\":\"https:\\\/\\\/www.pulp-tec.com\\\/de\\\/?s={search_term_string}\"},\"query-input\":{\"@type\":\"PropertyValueSpecification\",\"valueRequired\":true,\"valueName\":\"search_term_string\"}}],\"inLanguage\":\"de\"},{\"@type\":\"Organization\",\"@id\":\"https:\\\/\\\/www.pulp-tec.com\\\/de\\\/#organization\",\"name\":\"Pulp-Tec\",\"url\":\"https:\\\/\\\/www.pulp-tec.com\\\/de\\\/\",\"logo\":{\"@type\":\"ImageObject\",\"inLanguage\":\"de\",\"@id\":\"https:\\\/\\\/www.pulp-tec.com\\\/de\\\/#\\\/schema\\\/logo\\\/image\\\/\",\"url\":\"https:\\\/\\\/www.pulp-tec.com\\\/wp-content\\\/uploads\\\/2025\\\/06\\\/pulp-tec-logo.svg\",\"contentUrl\":\"https:\\\/\\\/www.pulp-tec.com\\\/wp-content\\\/uploads\\\/2025\\\/06\\\/pulp-tec-logo.svg\",\"width\":62,\"height\":70,\"caption\":\"Pulp-Tec\"},\"image\":{\"@id\":\"https:\\\/\\\/www.pulp-tec.com\\\/de\\\/#\\\/schema\\\/logo\\\/image\\\/\"},\"sameAs\":[\"https:\\\/\\\/www.linkedin.com\\\/company\\\/pulp-tec\\\/?originalSubdomain=de\"]}]}<\/script>\n<!-- \/ Yoast SEO plugin. -->","yoast_head_json":{"title":"Whistleblower-Meldeservice - Pulp-Tec","robots":{"index":"index","follow":"follow","max-snippet":"max-snippet:-1","max-image-preview":"max-image-preview:large","max-video-preview":"max-video-preview:-1"},"canonical":"https:\/\/www.pulp-tec.com\/de\/whistleblower-meldeservice\/","og_locale":"de_DE","og_type":"article","og_title":"Whistleblower-Meldeservice - Pulp-Tec","og_description":"[vc_row type=&#8220;in_container&#8220; full_screen_row_position=&#8220;middle&#8220; column_margin=&#8220;default&#8220; column_direction=&#8220;default&#8220; column_direction_tablet=&#8220;default&#8220; column_direction_phone=&#8220;default&#8220; scene_position=&#8220;center&#8220; text_color=&#8220;dark&#8220; text_align=&#8220;left&#8220; row_border_radius=&#8220;none&#8220; row_border_radius_applies=&#8220;bg&#8220; overflow=&#8220;visible&#8220; overlay_strength=&#8220;0.3&#8243; gradient_direction=&#8220;left_to_right&#8220; shape_divider_position=&#8220;bottom&#8220; bg_image_animation=&#8220;none&#8220;][vc_column column_padding=&#8220;no-extra-padding&#8220; column_padding_tablet=&#8220;inherit&#8220; column_padding_phone=&#8220;inherit&#8220; column_padding_position=&#8220;all&#8220; column_element_direction_desktop=&#8220;default&#8220; column_element_spacing=&#8220;default&#8220; desktop_text_alignment=&#8220;default&#8220; tablet_text_alignment=&#8220;default&#8220; phone_text_alignment=&#8220;default&#8220; background_color_opacity=&#8220;1&#8243; background_hover_color_opacity=&#8220;1&#8243; column_backdrop_filter=&#8220;none&#8220; column_shadow=&#8220;none&#8220;...","og_url":"https:\/\/www.pulp-tec.com\/de\/whistleblower-meldeservice\/","og_site_name":"Pulp-Tec","article_modified_time":"2025-07-18T13:13:04+00:00","twitter_card":"summary_large_image","twitter_misc":{"Gesch\u00e4tzte Lesezeit":"2\u00a0Minuten"},"schema":{"@context":"https:\/\/schema.org","@graph":[{"@type":"WebPage","@id":"https:\/\/www.pulp-tec.com\/de\/whistleblower-meldeservice\/","url":"https:\/\/www.pulp-tec.com\/de\/whistleblower-meldeservice\/","name":"Whistleblower-Meldeservice - Pulp-Tec","isPartOf":{"@id":"https:\/\/www.pulp-tec.com\/de\/#website"},"datePublished":"2025-06-30T16:14:17+00:00","dateModified":"2025-07-18T13:13:04+00:00","breadcrumb":{"@id":"https:\/\/www.pulp-tec.com\/de\/whistleblower-meldeservice\/#breadcrumb"},"inLanguage":"de","potentialAction":[{"@type":"ReadAction","target":["https:\/\/www.pulp-tec.com\/de\/whistleblower-meldeservice\/"]}]},{"@type":"BreadcrumbList","@id":"https:\/\/www.pulp-tec.com\/de\/whistleblower-meldeservice\/#breadcrumb","itemListElement":[{"@type":"ListItem","position":1,"name":"Start","item":"https:\/\/www.pulp-tec.com\/de\/pulptec-startseite\/"},{"@type":"ListItem","position":2,"name":"Whistleblower-Meldeservice"}]},{"@type":"WebSite","@id":"https:\/\/www.pulp-tec.com\/de\/#website","url":"https:\/\/www.pulp-tec.com\/de\/","name":"Pulp-Tec","description":"Moulded Pulp","publisher":{"@id":"https:\/\/www.pulp-tec.com\/de\/#organization"},"potentialAction":[{"@type":"SearchAction","target":{"@type":"EntryPoint","urlTemplate":"https:\/\/www.pulp-tec.com\/de\/?s={search_term_string}"},"query-input":{"@type":"PropertyValueSpecification","valueRequired":true,"valueName":"search_term_string"}}],"inLanguage":"de"},{"@type":"Organization","@id":"https:\/\/www.pulp-tec.com\/de\/#organization","name":"Pulp-Tec","url":"https:\/\/www.pulp-tec.com\/de\/","logo":{"@type":"ImageObject","inLanguage":"de","@id":"https:\/\/www.pulp-tec.com\/de\/#\/schema\/logo\/image\/","url":"https:\/\/www.pulp-tec.com\/wp-content\/uploads\/2025\/06\/pulp-tec-logo.svg","contentUrl":"https:\/\/www.pulp-tec.com\/wp-content\/uploads\/2025\/06\/pulp-tec-logo.svg","width":62,"height":70,"caption":"Pulp-Tec"},"image":{"@id":"https:\/\/www.pulp-tec.com\/de\/#\/schema\/logo\/image\/"},"sameAs":["https:\/\/www.linkedin.com\/company\/pulp-tec\/?originalSubdomain=de"]}]}},"_links":{"self":[{"href":"https:\/\/www.pulp-tec.com\/de\/wp-json\/wp\/v2\/pages\/1257","targetHints":{"allow":["GET"]}}],"collection":[{"href":"https:\/\/www.pulp-tec.com\/de\/wp-json\/wp\/v2\/pages"}],"about":[{"href":"https:\/\/www.pulp-tec.com\/de\/wp-json\/wp\/v2\/types\/page"}],"author":[{"embeddable":true,"href":"https:\/\/www.pulp-tec.com\/de\/wp-json\/wp\/v2\/users\/1"}],"replies":[{"embeddable":true,"href":"https:\/\/www.pulp-tec.com\/de\/wp-json\/wp\/v2\/comments?post=1257"}],"version-history":[{"count":1,"href":"https:\/\/www.pulp-tec.com\/de\/wp-json\/wp\/v2\/pages\/1257\/revisions"}],"predecessor-version":[{"id":1262,"href":"https:\/\/www.pulp-tec.com\/de\/wp-json\/wp\/v2\/pages\/1257\/revisions\/1262"}],"wp:attachment":[{"href":"https:\/\/www.pulp-tec.com\/de\/wp-json\/wp\/v2\/media?parent=1257"}],"curies":[{"name":"wp","href":"https:\/\/api.w.org\/{rel}","templated":true}]}}