{"id":2782,"date":"2025-06-30T18:14:17","date_gmt":"2025-06-30T16:14:17","guid":{"rendered":"https:\/\/www.pulp-tec.com\/servizio-di-segnalazione-degli-informatori\/"},"modified":"2026-04-09T18:47:57","modified_gmt":"2026-04-09T16:47:57","slug":"servizio-di-segnalazione-degli-informatori","status":"publish","type":"page","link":"https:\/\/www.pulp-tec.com\/it\/servizio-di-segnalazione-degli-informatori\/","title":{"rendered":"Servizio di segnalazione degli informatori"},"content":{"rendered":"[vc_row type=&#8221;in_container&#8221; full_screen_row_position=&#8221;middle&#8221; column_margin=&#8221;default&#8221; column_direction=&#8221;default&#8221; column_direction_tablet=&#8221;default&#8221; column_direction_phone=&#8221;default&#8221; scene_position=&#8221;center&#8221; text_color=&#8221;dark&#8221; text_align=&#8221;left&#8221; row_border_radius=&#8221;none&#8221; row_border_radius_applies=&#8221;bg&#8221; overflow=&#8221;visible&#8221; overlay_strength=&#8221;0.3&#8243; gradient_direction=&#8221;left_to_right&#8221; shape_divider_position=&#8221;bottom&#8221; bg_image_animation=&#8221;none&#8221;][vc_column column_padding=&#8221;no-extra-padding&#8221; column_padding_tablet=&#8221;inherit&#8221; column_padding_phone=&#8221;inherit&#8221; column_padding_position=&#8221;all&#8221; column_element_direction_desktop=&#8221;default&#8221; column_element_spacing=&#8221;default&#8221; desktop_text_alignment=&#8221;default&#8221; tablet_text_alignment=&#8221;default&#8221; phone_text_alignment=&#8221;default&#8221; background_color_opacity=&#8221;1&#8243; background_hover_color_opacity=&#8221;1&#8243; column_backdrop_filter=&#8221;none&#8221; column_shadow=&#8221;none&#8221; column_border_radius=&#8221;none&#8221; column_link_target=&#8221;_self&#8221; column_position=&#8221;default&#8221; gradient_direction=&#8221;left_to_right&#8221; overlay_strength=&#8221;0.3&#8243; width=&#8221;1\/1&#8243; tablet_width_inherit=&#8221;default&#8221; animation_type=&#8221;default&#8221; bg_image_animation=&#8221;none&#8221; border_type=&#8221;simple&#8221; column_border_width=&#8221;none&#8221; column_border_style=&#8221;solid&#8221;][vc_column_text css=&#8221;&#8221; text_direction=&#8221;default&#8221;]\r\n<h1>Servizio di segnalazione degli informatori<\/h1>\r\nSei venuto a conoscenza di violazioni in relazione alle tue attivit\u00e0 professionali\r\n? Stai pensando di segnalare una violazione di questo tipo al nostro ufficio relazioni, in modo che possano essere prese le opportune misure di follow-up? \r\n\r\nLe tue informazioni possono essere inviate tramite il nostro ufficio segnalazioni, contribuendo cos\u00ec a\r\nindividuare, indagare e perseguire efficacemente le violazioni.\r\n\r\nI whistleblower danno un importante contributo all&#8217;individuazione e alla punizione di\r\ncomportamenti scorretti. Tuttavia, in passato si sono verificati casi in cui sono stati svantaggiati dal punto di vista professionale\r\nin seguito alla segnalazione di una cattiva condotta. L&#8217;obiettivo della legge sulla protezione degli informatori (HinSchG) \u00e8 quello di proteggere gli informatori da eventuali svantaggi e di garantire loro la certezza del diritto. Un altro elemento fondamentale della HinSchG \u00e8 la migliore protezione possibile della loro identit\u00e0. Il nostro ufficio segnalazioni protegge la tua identit\u00e0 ed \u00e8 il tuo punto di contatto centrale.    \r\n\r\n<strong>Avviso importante<\/strong>\r\n<h3 class=\"hl-sub\">Segnalazione delle violazioni<\/h3>\r\nIn caso di pericoli o situazioni di pericolo, contatta prima i numeri di emergenza noti di\r\no la stazione di polizia pi\u00f9 vicina.\r\n\r\nNota bene: una segnalazione deliberatamente falsa pu\u00f2 avere delle conseguenze.\r\n<h3 class=\"hl-sub\">Servizio di segnalazione degli informatori<\/h3>\r\nAttraverso questo <a href=\"https:\/\/hinweisgeberschutz-meldesystem.de\/whistleblowing\/pulp-tec\" target=\"_blank\" rel=\"noopener\">link<\/a>, raggiungerai il nostro ufficio segnalazioni.\r\n\r\n<strong>Testi legali e ulteriori informazioni<\/strong>\r\n\r\n<a href=\"https:\/\/www.gesetze-im-internet.de\/hinschg\/index.html\" target=\"_blank\" rel=\"noopener\">Legge sulla protezione degli informatori<\/a>\r\n\r\n<a href=\"https:\/\/eur-lex.europa.eu\/legal-content\/DE\/TXT\/PDF\/?uri=CELEX:02019L1937-20230502\" target=\"_blank\" rel=\"noopener\">Direttiva (UE) 2019\/1937 (Direttiva Whistleblowing)<\/a>\r\n\r\n[\/vc_column_text][\/vc_column][\/vc_row]<!-- \/wp:post-content -->","protected":false},"excerpt":{"rendered":"<p>[vc_row type=&#8221;in_container&#8221; full_screen_row_position=&#8221;middle&#8221; column_margin=&#8221;default&#8221; column_direction=&#8221;default&#8221; column_direction_tablet=&#8221;default&#8221; column_direction_phone=&#8221;default&#8221; scene_position=&#8221;center&#8221; text_color=&#8221;dark&#8221; text_align=&#8221;left&#8221; row_border_radius=&#8221;none&#8221; row_border_radius_applies=&#8221;bg&#8221; overflow=&#8221;visible&#8221; overlay_strength=&#8221;0.3&#8243; gradient_direction=&#8221;left_to_right&#8221; shape_divider_position=&#8221;bottom&#8221; bg_image_animation=&#8221;none&#8221;][vc_column column_padding=&#8221;no-extra-padding&#8221; column_padding_tablet=&#8221;inherit&#8221; column_padding_phone=&#8221;inherit&#8221; column_padding_position=&#8221;all&#8221; column_element_direction_desktop=&#8221;default&#8221; column_element_spacing=&#8221;default&#8221; desktop_text_alignment=&#8221;default&#8221; tablet_text_alignment=&#8221;default&#8221; phone_text_alignment=&#8221;default&#8221; background_color_opacity=&#8221;1&#8243; background_hover_color_opacity=&#8221;1&#8243; column_backdrop_filter=&#8221;none&#8221; column_shadow=&#8221;none&#8221;&#8230;<\/p>\n","protected":false},"author":1,"featured_media":0,"parent":0,"menu_order":0,"comment_status":"closed","ping_status":"closed","template":"","meta":{"_acf_changed":false,"inline_featured_image":false,"footnotes":""},"class_list":["post-2782","page","type-page","status-publish"],"acf":[],"yoast_head":"<!-- This site is optimized with the Yoast SEO plugin v27.3 - https:\/\/yoast.com\/product\/yoast-seo-wordpress\/ -->\n<title>Servizio di segnalazione degli informatori - Pulp-Tec<\/title>\n<meta name=\"robots\" content=\"index, follow, max-snippet:-1, max-image-preview:large, max-video-preview:-1\" \/>\n<link rel=\"canonical\" href=\"https:\/\/www.pulp-tec.com\/it\/servizio-di-segnalazione-degli-informatori\/\" \/>\n<meta property=\"og:locale\" content=\"it_IT\" \/>\n<meta property=\"og:type\" content=\"article\" \/>\n<meta property=\"og:title\" content=\"Servizio di segnalazione degli informatori - Pulp-Tec\" \/>\n<meta property=\"og:description\" content=\"[vc_row type=&#8221;in_container&#8221; full_screen_row_position=&#8221;middle&#8221; column_margin=&#8221;default&#8221; column_direction=&#8221;default&#8221; column_direction_tablet=&#8221;default&#8221; column_direction_phone=&#8221;default&#8221; scene_position=&#8221;center&#8221; text_color=&#8221;dark&#8221; text_align=&#8221;left&#8221; row_border_radius=&#8221;none&#8221; row_border_radius_applies=&#8221;bg&#8221; overflow=&#8221;visible&#8221; overlay_strength=&#8221;0.3&#8243; gradient_direction=&#8221;left_to_right&#8221; shape_divider_position=&#8221;bottom&#8221; bg_image_animation=&#8221;none&#8221;][vc_column column_padding=&#8221;no-extra-padding&#8221; column_padding_tablet=&#8221;inherit&#8221; column_padding_phone=&#8221;inherit&#8221; column_padding_position=&#8221;all&#8221; column_element_direction_desktop=&#8221;default&#8221; column_element_spacing=&#8221;default&#8221; desktop_text_alignment=&#8221;default&#8221; tablet_text_alignment=&#8221;default&#8221; phone_text_alignment=&#8221;default&#8221; background_color_opacity=&#8221;1&#8243; background_hover_color_opacity=&#8221;1&#8243; column_backdrop_filter=&#8221;none&#8221; column_shadow=&#8221;none&#8221;...\" \/>\n<meta property=\"og:url\" content=\"https:\/\/www.pulp-tec.com\/it\/servizio-di-segnalazione-degli-informatori\/\" \/>\n<meta property=\"og:site_name\" content=\"Pulp-Tec\" \/>\n<meta property=\"article:modified_time\" content=\"2026-04-09T16:47:57+00:00\" \/>\n<meta name=\"twitter:card\" content=\"summary_large_image\" \/>\n<meta name=\"twitter:label1\" content=\"Tempo di lettura stimato\" \/>\n\t<meta name=\"twitter:data1\" content=\"2 minuti\" \/>\n<script type=\"application\/ld+json\" class=\"yoast-schema-graph\">{\"@context\":\"https:\\\/\\\/schema.org\",\"@graph\":[{\"@type\":\"WebPage\",\"@id\":\"https:\\\/\\\/www.pulp-tec.com\\\/it\\\/servizio-di-segnalazione-degli-informatori\\\/\",\"url\":\"https:\\\/\\\/www.pulp-tec.com\\\/it\\\/servizio-di-segnalazione-degli-informatori\\\/\",\"name\":\"Servizio di segnalazione degli informatori - Pulp-Tec\",\"isPartOf\":{\"@id\":\"https:\\\/\\\/www.pulp-tec.com\\\/it\\\/#website\"},\"datePublished\":\"2025-06-30T16:14:17+00:00\",\"dateModified\":\"2026-04-09T16:47:57+00:00\",\"breadcrumb\":{\"@id\":\"https:\\\/\\\/www.pulp-tec.com\\\/it\\\/servizio-di-segnalazione-degli-informatori\\\/#breadcrumb\"},\"inLanguage\":\"it-IT\",\"potentialAction\":[{\"@type\":\"ReadAction\",\"target\":[\"https:\\\/\\\/www.pulp-tec.com\\\/it\\\/servizio-di-segnalazione-degli-informatori\\\/\"]}]},{\"@type\":\"BreadcrumbList\",\"@id\":\"https:\\\/\\\/www.pulp-tec.com\\\/it\\\/servizio-di-segnalazione-degli-informatori\\\/#breadcrumb\",\"itemListElement\":[{\"@type\":\"ListItem\",\"position\":1,\"name\":\"Start\",\"item\":\"https:\\\/\\\/www.pulp-tec.com\\\/it\\\/pulptec-home\\\/\"},{\"@type\":\"ListItem\",\"position\":2,\"name\":\"Servizio di segnalazione degli informatori\"}]},{\"@type\":\"WebSite\",\"@id\":\"https:\\\/\\\/www.pulp-tec.com\\\/it\\\/#website\",\"url\":\"https:\\\/\\\/www.pulp-tec.com\\\/it\\\/\",\"name\":\"Pulp-Tec\",\"description\":\"Moulded Pulp\",\"publisher\":{\"@id\":\"https:\\\/\\\/www.pulp-tec.com\\\/it\\\/#organization\"},\"potentialAction\":[{\"@type\":\"SearchAction\",\"target\":{\"@type\":\"EntryPoint\",\"urlTemplate\":\"https:\\\/\\\/www.pulp-tec.com\\\/it\\\/?s={search_term_string}\"},\"query-input\":{\"@type\":\"PropertyValueSpecification\",\"valueRequired\":true,\"valueName\":\"search_term_string\"}}],\"inLanguage\":\"it-IT\"},{\"@type\":\"Organization\",\"@id\":\"https:\\\/\\\/www.pulp-tec.com\\\/it\\\/#organization\",\"name\":\"Pulp-Tec\",\"url\":\"https:\\\/\\\/www.pulp-tec.com\\\/it\\\/\",\"logo\":{\"@type\":\"ImageObject\",\"inLanguage\":\"it-IT\",\"@id\":\"https:\\\/\\\/www.pulp-tec.com\\\/it\\\/#\\\/schema\\\/logo\\\/image\\\/\",\"url\":\"https:\\\/\\\/www.pulp-tec.com\\\/wp-content\\\/uploads\\\/2025\\\/06\\\/pulp-tec-logo.svg\",\"contentUrl\":\"https:\\\/\\\/www.pulp-tec.com\\\/wp-content\\\/uploads\\\/2025\\\/06\\\/pulp-tec-logo.svg\",\"width\":62,\"height\":70,\"caption\":\"Pulp-Tec\"},\"image\":{\"@id\":\"https:\\\/\\\/www.pulp-tec.com\\\/it\\\/#\\\/schema\\\/logo\\\/image\\\/\"},\"sameAs\":[\"https:\\\/\\\/www.linkedin.com\\\/company\\\/pulp-tec\\\/?originalSubdomain=de\"]}]}<\/script>\n<!-- \/ Yoast SEO plugin. -->","yoast_head_json":{"title":"Servizio di segnalazione degli informatori - Pulp-Tec","robots":{"index":"index","follow":"follow","max-snippet":"max-snippet:-1","max-image-preview":"max-image-preview:large","max-video-preview":"max-video-preview:-1"},"canonical":"https:\/\/www.pulp-tec.com\/it\/servizio-di-segnalazione-degli-informatori\/","og_locale":"it_IT","og_type":"article","og_title":"Servizio di segnalazione degli informatori - Pulp-Tec","og_description":"[vc_row type=&#8221;in_container&#8221; full_screen_row_position=&#8221;middle&#8221; column_margin=&#8221;default&#8221; column_direction=&#8221;default&#8221; column_direction_tablet=&#8221;default&#8221; column_direction_phone=&#8221;default&#8221; scene_position=&#8221;center&#8221; text_color=&#8221;dark&#8221; text_align=&#8221;left&#8221; row_border_radius=&#8221;none&#8221; row_border_radius_applies=&#8221;bg&#8221; overflow=&#8221;visible&#8221; overlay_strength=&#8221;0.3&#8243; gradient_direction=&#8221;left_to_right&#8221; shape_divider_position=&#8221;bottom&#8221; bg_image_animation=&#8221;none&#8221;][vc_column column_padding=&#8221;no-extra-padding&#8221; column_padding_tablet=&#8221;inherit&#8221; column_padding_phone=&#8221;inherit&#8221; column_padding_position=&#8221;all&#8221; column_element_direction_desktop=&#8221;default&#8221; column_element_spacing=&#8221;default&#8221; desktop_text_alignment=&#8221;default&#8221; tablet_text_alignment=&#8221;default&#8221; phone_text_alignment=&#8221;default&#8221; background_color_opacity=&#8221;1&#8243; background_hover_color_opacity=&#8221;1&#8243; column_backdrop_filter=&#8221;none&#8221; column_shadow=&#8221;none&#8221;...","og_url":"https:\/\/www.pulp-tec.com\/it\/servizio-di-segnalazione-degli-informatori\/","og_site_name":"Pulp-Tec","article_modified_time":"2026-04-09T16:47:57+00:00","twitter_card":"summary_large_image","twitter_misc":{"Tempo di lettura stimato":"2 minuti"},"schema":{"@context":"https:\/\/schema.org","@graph":[{"@type":"WebPage","@id":"https:\/\/www.pulp-tec.com\/it\/servizio-di-segnalazione-degli-informatori\/","url":"https:\/\/www.pulp-tec.com\/it\/servizio-di-segnalazione-degli-informatori\/","name":"Servizio di segnalazione degli informatori - Pulp-Tec","isPartOf":{"@id":"https:\/\/www.pulp-tec.com\/it\/#website"},"datePublished":"2025-06-30T16:14:17+00:00","dateModified":"2026-04-09T16:47:57+00:00","breadcrumb":{"@id":"https:\/\/www.pulp-tec.com\/it\/servizio-di-segnalazione-degli-informatori\/#breadcrumb"},"inLanguage":"it-IT","potentialAction":[{"@type":"ReadAction","target":["https:\/\/www.pulp-tec.com\/it\/servizio-di-segnalazione-degli-informatori\/"]}]},{"@type":"BreadcrumbList","@id":"https:\/\/www.pulp-tec.com\/it\/servizio-di-segnalazione-degli-informatori\/#breadcrumb","itemListElement":[{"@type":"ListItem","position":1,"name":"Start","item":"https:\/\/www.pulp-tec.com\/it\/pulptec-home\/"},{"@type":"ListItem","position":2,"name":"Servizio di segnalazione degli informatori"}]},{"@type":"WebSite","@id":"https:\/\/www.pulp-tec.com\/it\/#website","url":"https:\/\/www.pulp-tec.com\/it\/","name":"Pulp-Tec","description":"Moulded Pulp","publisher":{"@id":"https:\/\/www.pulp-tec.com\/it\/#organization"},"potentialAction":[{"@type":"SearchAction","target":{"@type":"EntryPoint","urlTemplate":"https:\/\/www.pulp-tec.com\/it\/?s={search_term_string}"},"query-input":{"@type":"PropertyValueSpecification","valueRequired":true,"valueName":"search_term_string"}}],"inLanguage":"it-IT"},{"@type":"Organization","@id":"https:\/\/www.pulp-tec.com\/it\/#organization","name":"Pulp-Tec","url":"https:\/\/www.pulp-tec.com\/it\/","logo":{"@type":"ImageObject","inLanguage":"it-IT","@id":"https:\/\/www.pulp-tec.com\/it\/#\/schema\/logo\/image\/","url":"https:\/\/www.pulp-tec.com\/wp-content\/uploads\/2025\/06\/pulp-tec-logo.svg","contentUrl":"https:\/\/www.pulp-tec.com\/wp-content\/uploads\/2025\/06\/pulp-tec-logo.svg","width":62,"height":70,"caption":"Pulp-Tec"},"image":{"@id":"https:\/\/www.pulp-tec.com\/it\/#\/schema\/logo\/image\/"},"sameAs":["https:\/\/www.linkedin.com\/company\/pulp-tec\/?originalSubdomain=de"]}]}},"_links":{"self":[{"href":"https:\/\/www.pulp-tec.com\/it\/wp-json\/wp\/v2\/pages\/2782","targetHints":{"allow":["GET"]}}],"collection":[{"href":"https:\/\/www.pulp-tec.com\/it\/wp-json\/wp\/v2\/pages"}],"about":[{"href":"https:\/\/www.pulp-tec.com\/it\/wp-json\/wp\/v2\/types\/page"}],"author":[{"embeddable":true,"href":"https:\/\/www.pulp-tec.com\/it\/wp-json\/wp\/v2\/users\/1"}],"replies":[{"embeddable":true,"href":"https:\/\/www.pulp-tec.com\/it\/wp-json\/wp\/v2\/comments?post=2782"}],"version-history":[{"count":2,"href":"https:\/\/www.pulp-tec.com\/it\/wp-json\/wp\/v2\/pages\/2782\/revisions"}],"predecessor-version":[{"id":2786,"href":"https:\/\/www.pulp-tec.com\/it\/wp-json\/wp\/v2\/pages\/2782\/revisions\/2786"}],"wp:attachment":[{"href":"https:\/\/www.pulp-tec.com\/it\/wp-json\/wp\/v2\/media?parent=2782"}],"curies":[{"name":"wp","href":"https:\/\/api.w.org\/{rel}","templated":true}]}}