{"id":1724,"date":"2025-06-30T18:14:17","date_gmt":"2025-06-30T16:14:17","guid":{"rendered":"https:\/\/pulptec.karolzyk.de\/usluga-zglaszania-nieprawidlowosci\/"},"modified":"2025-07-22T15:59:33","modified_gmt":"2025-07-22T13:59:33","slug":"usluga-zglaszania-nieprawidlowosci","status":"publish","type":"page","link":"https:\/\/www.pulp-tec.com\/pl\/usluga-zglaszania-nieprawidlowosci\/","title":{"rendered":"Us\u0142uga zg\u0142aszania nieprawid\u0142owo\u015bci"},"content":{"rendered":"[vc_row type=&#8221;in_container&#8221; full_screen_row_position=&#8221;middle&#8221; column_margin=&#8221;default&#8221; column_direction=&#8221;default&#8221; column_direction_tablet=&#8221;default&#8221; column_direction_phone=&#8221;default&#8221; scene_position=&#8221;center&#8221; text_color=&#8221;dark&#8221; text_align=&#8221;left&#8221; row_border_radius=&#8221;none&#8221; row_border_radius_applies=&#8221;bg&#8221; overflow=&#8221;visible&#8221; overlay_strength=&#8221;0.3&#8243; gradient_direction=&#8221;left_to_right&#8221; shape_divider_position=&#8221;bottom&#8221; bg_image_animation=&#8221;none&#8221;][vc_column column_padding=&#8221;no-extra-padding&#8221; column_padding_tablet=&#8221;inherit&#8221; column_padding_phone=&#8221;inherit&#8221; column_padding_position=&#8221;all&#8221; column_element_direction_desktop=&#8221;default&#8221; column_element_spacing=&#8221;default&#8221; desktop_text_alignment=&#8221;default&#8221; tablet_text_alignment=&#8221;default&#8221; phone_text_alignment=&#8221;default&#8221; background_color_opacity=&#8221;1&#8243; background_hover_color_opacity=&#8221;1&#8243; column_backdrop_filter=&#8221;none&#8221; column_shadow=&#8221;none&#8221; column_border_radius=&#8221;none&#8221; column_link_target=&#8221;_self&#8221; column_position=&#8221;default&#8221; gradient_direction=&#8221;left_to_right&#8221; overlay_strength=&#8221;0.3&#8243; width=&#8221;1\/1&#8243; tablet_width_inherit=&#8221;default&#8221; animation_type=&#8221;default&#8221; bg_image_animation=&#8221;none&#8221; border_type=&#8221;simple&#8221; column_border_width=&#8221;none&#8221; column_border_style=&#8221;solid&#8221;][vc_column_text css=&#8221;&#8221; text_direction=&#8221;default&#8221;]\r\n<h1>Us\u0142uga zg\u0142aszania nieprawid\u0142owo\u015bci<\/h1>\r\nCzy uzyska\u0142e\u015b informacje o naruszeniach w zwi\u0105zku z dzia\u0142alno\u015bci\u0105 zawodow\u0105\r\n? Czy rozwa\u017casz zg\u0142oszenie takiego naruszenia do naszego biura sprawozdawczo\u015bci, aby mo\u017cna by\u0142o podj\u0105\u0107 odpowiednie dzia\u0142ania nast\u0119pcze? \r\n\r\nInformacje mo\u017cna przes\u0142a\u0107 do nas za po\u015brednictwem naszego biura sprawozdawczo\u015bci, przyczyniaj\u0105c si\u0119 w ten spos\u00f3b do skutecznego wykrywania, badania i \u015bcigania narusze\u0144 na stronie\r\n.\r\n\r\nSygnali\u015bci wnosz\u0105 istotny wk\u0142ad w wykrywanie i karanie nadu\u017cy\u0107\r\n. Jednak w przesz\u0142o\u015bci zdarza\u0142y si\u0119 przypadki, w kt\u00f3rych byli oni poszkodowani zawodowo\r\nw wyniku zg\u0142aszania nadu\u017cy\u0107. Celem ustawy o ochronie sygnalist\u00f3w (HinSchG) jest ochrona sygnalist\u00f3w przed niekorzystnymi sytuacjami i zapewnienie im pewno\u015bci prawnej. Kolejnym kluczowym elementem HinSchG jest jak najlepsza ochrona ich to\u017csamo\u015bci. Nasze biuro zg\u0142osze\u0144 chroni to\u017csamo\u015b\u0107 i jest centralnym punktem kontaktowym.    \r\n\r\n<strong>Wa\u017cne powiadomienie<\/strong>\r\n<h3 class=\"hl-sub\">Zg\u0142aszanie narusze\u0144<\/h3>\r\nW przypadku aktualnych niebezpiecze\u0144stw lub sytuacji zagro\u017cenia nale\u017cy najpierw skontaktowa\u0107 si\u0119 ze znanymi numerami alarmowymi\r\nlub najbli\u017cszym posterunkiem policji.\r\n\r\nUwaga: Celowo fa\u0142szywe zg\u0142oszenie mo\u017ce mie\u0107 konsekwencje.\r\n<h3 class=\"hl-sub\">Us\u0142uga zg\u0142aszania nieprawid\u0142owo\u015bci<\/h3>\r\nZa po\u015brednictwem tego <a href=\"https:\/\/hinweisgeberschutz-meldesystem.de\/whistleblowing\/pulp-tec\" target=\"_blank\" rel=\"noopener\">\u0142\u0105cza<\/a> mo\u017cna dotrze\u0107 do naszego biura sprawozdawczo\u015bci.\r\n\r\n<strong>Teksty prawne i dalsze informacje<\/strong>\r\n\r\n<a href=\"https:\/\/www.gesetze-im-internet.de\/hinschg\/index.html\" target=\"_blank\" rel=\"noopener\">Ustawa o ochronie sygnalist\u00f3w<\/a>\r\n\r\n<a href=\"https:\/\/eur-lex.europa.eu\/legal-content\/DE\/TXT\/PDF\/?uri=CELEX:02019L1937-20230502\" target=\"_blank\" rel=\"noopener\">Dyrektywa (UE) 2019\/1937 (dyrektywa w sprawie informowania o nieprawid\u0142owo\u015bciach)<\/a>\r\n\r\n[\/vc_column_text][\/vc_column][\/vc_row]<!-- \/wp:post-content -->","protected":false},"excerpt":{"rendered":"<p>[vc_row type=&#8221;in_container&#8221; full_screen_row_position=&#8221;middle&#8221; column_margin=&#8221;default&#8221; column_direction=&#8221;default&#8221; column_direction_tablet=&#8221;default&#8221; column_direction_phone=&#8221;default&#8221; scene_position=&#8221;center&#8221; text_color=&#8221;dark&#8221; text_align=&#8221;left&#8221; row_border_radius=&#8221;none&#8221; row_border_radius_applies=&#8221;bg&#8221; overflow=&#8221;visible&#8221; overlay_strength=&#8221;0.3&#8243; gradient_direction=&#8221;left_to_right&#8221; shape_divider_position=&#8221;bottom&#8221; bg_image_animation=&#8221;none&#8221;][vc_column column_padding=&#8221;no-extra-padding&#8221; column_padding_tablet=&#8221;inherit&#8221; column_padding_phone=&#8221;inherit&#8221; column_padding_position=&#8221;all&#8221; column_element_direction_desktop=&#8221;default&#8221; column_element_spacing=&#8221;default&#8221; desktop_text_alignment=&#8221;default&#8221; tablet_text_alignment=&#8221;default&#8221; phone_text_alignment=&#8221;default&#8221; background_color_opacity=&#8221;1&#8243; background_hover_color_opacity=&#8221;1&#8243; column_backdrop_filter=&#8221;none&#8221; column_shadow=&#8221;none&#8221;&#8230;<\/p>\n","protected":false},"author":1,"featured_media":0,"parent":0,"menu_order":0,"comment_status":"closed","ping_status":"closed","template":"","meta":{"_acf_changed":false,"inline_featured_image":false,"footnotes":""},"class_list":["post-1724","page","type-page","status-publish"],"acf":[],"yoast_head":"<!-- This site is optimized with the Yoast SEO plugin v27.4 - https:\/\/yoast.com\/product\/yoast-seo-wordpress\/ -->\n<title>Us\u0142uga zg\u0142aszania nieprawid\u0142owo\u015bci - Pulp-Tec<\/title>\n<meta name=\"robots\" content=\"index, follow, max-snippet:-1, max-image-preview:large, max-video-preview:-1\" \/>\n<link rel=\"canonical\" href=\"https:\/\/www.pulp-tec.com\/pl\/usluga-zglaszania-nieprawidlowosci\/\" \/>\n<meta property=\"og:locale\" content=\"pl_PL\" \/>\n<meta property=\"og:type\" content=\"article\" \/>\n<meta property=\"og:title\" content=\"Us\u0142uga zg\u0142aszania nieprawid\u0142owo\u015bci - Pulp-Tec\" \/>\n<meta property=\"og:description\" content=\"[vc_row type=&#8221;in_container&#8221; full_screen_row_position=&#8221;middle&#8221; column_margin=&#8221;default&#8221; column_direction=&#8221;default&#8221; column_direction_tablet=&#8221;default&#8221; column_direction_phone=&#8221;default&#8221; scene_position=&#8221;center&#8221; text_color=&#8221;dark&#8221; text_align=&#8221;left&#8221; row_border_radius=&#8221;none&#8221; row_border_radius_applies=&#8221;bg&#8221; overflow=&#8221;visible&#8221; overlay_strength=&#8221;0.3&#8243; gradient_direction=&#8221;left_to_right&#8221; shape_divider_position=&#8221;bottom&#8221; bg_image_animation=&#8221;none&#8221;][vc_column column_padding=&#8221;no-extra-padding&#8221; column_padding_tablet=&#8221;inherit&#8221; column_padding_phone=&#8221;inherit&#8221; column_padding_position=&#8221;all&#8221; column_element_direction_desktop=&#8221;default&#8221; column_element_spacing=&#8221;default&#8221; desktop_text_alignment=&#8221;default&#8221; tablet_text_alignment=&#8221;default&#8221; phone_text_alignment=&#8221;default&#8221; background_color_opacity=&#8221;1&#8243; background_hover_color_opacity=&#8221;1&#8243; column_backdrop_filter=&#8221;none&#8221; column_shadow=&#8221;none&#8221;...\" \/>\n<meta property=\"og:url\" content=\"https:\/\/www.pulp-tec.com\/pl\/usluga-zglaszania-nieprawidlowosci\/\" \/>\n<meta property=\"og:site_name\" content=\"Pulp-Tec\" \/>\n<meta property=\"article:modified_time\" content=\"2025-07-22T13:59:33+00:00\" \/>\n<meta name=\"twitter:card\" content=\"summary_large_image\" \/>\n<meta name=\"twitter:label1\" content=\"Szacowany czas czytania\" \/>\n\t<meta name=\"twitter:data1\" content=\"2 minuty\" \/>\n<script type=\"application\/ld+json\" class=\"yoast-schema-graph\">{\"@context\":\"https:\\\/\\\/schema.org\",\"@graph\":[{\"@type\":\"WebPage\",\"@id\":\"https:\\\/\\\/www.pulp-tec.com\\\/pl\\\/usluga-zglaszania-nieprawidlowosci\\\/\",\"url\":\"https:\\\/\\\/www.pulp-tec.com\\\/pl\\\/usluga-zglaszania-nieprawidlowosci\\\/\",\"name\":\"Us\u0142uga zg\u0142aszania nieprawid\u0142owo\u015bci - Pulp-Tec\",\"isPartOf\":{\"@id\":\"https:\\\/\\\/www.pulp-tec.com\\\/pl\\\/#website\"},\"datePublished\":\"2025-06-30T16:14:17+00:00\",\"dateModified\":\"2025-07-22T13:59:33+00:00\",\"breadcrumb\":{\"@id\":\"https:\\\/\\\/www.pulp-tec.com\\\/pl\\\/usluga-zglaszania-nieprawidlowosci\\\/#breadcrumb\"},\"inLanguage\":\"pl-PL\",\"potentialAction\":[{\"@type\":\"ReadAction\",\"target\":[\"https:\\\/\\\/www.pulp-tec.com\\\/pl\\\/usluga-zglaszania-nieprawidlowosci\\\/\"]}]},{\"@type\":\"BreadcrumbList\",\"@id\":\"https:\\\/\\\/www.pulp-tec.com\\\/pl\\\/usluga-zglaszania-nieprawidlowosci\\\/#breadcrumb\",\"itemListElement\":[{\"@type\":\"ListItem\",\"position\":1,\"name\":\"Start\",\"item\":\"https:\\\/\\\/www.pulp-tec.com\\\/pl\\\/pulptec-home\\\/\"},{\"@type\":\"ListItem\",\"position\":2,\"name\":\"Us\u0142uga zg\u0142aszania nieprawid\u0142owo\u015bci\"}]},{\"@type\":\"WebSite\",\"@id\":\"https:\\\/\\\/www.pulp-tec.com\\\/pl\\\/#website\",\"url\":\"https:\\\/\\\/www.pulp-tec.com\\\/pl\\\/\",\"name\":\"Pulp-Tec\",\"description\":\"Moulded Pulp\",\"publisher\":{\"@id\":\"https:\\\/\\\/www.pulp-tec.com\\\/pl\\\/#organization\"},\"potentialAction\":[{\"@type\":\"SearchAction\",\"target\":{\"@type\":\"EntryPoint\",\"urlTemplate\":\"https:\\\/\\\/www.pulp-tec.com\\\/pl\\\/?s={search_term_string}\"},\"query-input\":{\"@type\":\"PropertyValueSpecification\",\"valueRequired\":true,\"valueName\":\"search_term_string\"}}],\"inLanguage\":\"pl-PL\"},{\"@type\":\"Organization\",\"@id\":\"https:\\\/\\\/www.pulp-tec.com\\\/pl\\\/#organization\",\"name\":\"Pulp-Tec\",\"url\":\"https:\\\/\\\/www.pulp-tec.com\\\/pl\\\/\",\"logo\":{\"@type\":\"ImageObject\",\"inLanguage\":\"pl-PL\",\"@id\":\"https:\\\/\\\/www.pulp-tec.com\\\/pl\\\/#\\\/schema\\\/logo\\\/image\\\/\",\"url\":\"https:\\\/\\\/www.pulp-tec.com\\\/wp-content\\\/uploads\\\/2025\\\/06\\\/pulp-tec-logo.svg\",\"contentUrl\":\"https:\\\/\\\/www.pulp-tec.com\\\/wp-content\\\/uploads\\\/2025\\\/06\\\/pulp-tec-logo.svg\",\"width\":62,\"height\":70,\"caption\":\"Pulp-Tec\"},\"image\":{\"@id\":\"https:\\\/\\\/www.pulp-tec.com\\\/pl\\\/#\\\/schema\\\/logo\\\/image\\\/\"},\"sameAs\":[\"https:\\\/\\\/www.linkedin.com\\\/company\\\/pulp-tec\\\/?originalSubdomain=de\"]}]}<\/script>\n<!-- \/ Yoast SEO plugin. -->","yoast_head_json":{"title":"Us\u0142uga zg\u0142aszania nieprawid\u0142owo\u015bci - Pulp-Tec","robots":{"index":"index","follow":"follow","max-snippet":"max-snippet:-1","max-image-preview":"max-image-preview:large","max-video-preview":"max-video-preview:-1"},"canonical":"https:\/\/www.pulp-tec.com\/pl\/usluga-zglaszania-nieprawidlowosci\/","og_locale":"pl_PL","og_type":"article","og_title":"Us\u0142uga zg\u0142aszania nieprawid\u0142owo\u015bci - Pulp-Tec","og_description":"[vc_row type=&#8221;in_container&#8221; full_screen_row_position=&#8221;middle&#8221; column_margin=&#8221;default&#8221; column_direction=&#8221;default&#8221; column_direction_tablet=&#8221;default&#8221; column_direction_phone=&#8221;default&#8221; scene_position=&#8221;center&#8221; text_color=&#8221;dark&#8221; text_align=&#8221;left&#8221; row_border_radius=&#8221;none&#8221; row_border_radius_applies=&#8221;bg&#8221; overflow=&#8221;visible&#8221; overlay_strength=&#8221;0.3&#8243; gradient_direction=&#8221;left_to_right&#8221; shape_divider_position=&#8221;bottom&#8221; bg_image_animation=&#8221;none&#8221;][vc_column column_padding=&#8221;no-extra-padding&#8221; column_padding_tablet=&#8221;inherit&#8221; column_padding_phone=&#8221;inherit&#8221; column_padding_position=&#8221;all&#8221; column_element_direction_desktop=&#8221;default&#8221; column_element_spacing=&#8221;default&#8221; desktop_text_alignment=&#8221;default&#8221; tablet_text_alignment=&#8221;default&#8221; phone_text_alignment=&#8221;default&#8221; background_color_opacity=&#8221;1&#8243; background_hover_color_opacity=&#8221;1&#8243; column_backdrop_filter=&#8221;none&#8221; column_shadow=&#8221;none&#8221;...","og_url":"https:\/\/www.pulp-tec.com\/pl\/usluga-zglaszania-nieprawidlowosci\/","og_site_name":"Pulp-Tec","article_modified_time":"2025-07-22T13:59:33+00:00","twitter_card":"summary_large_image","twitter_misc":{"Szacowany czas czytania":"2 minuty"},"schema":{"@context":"https:\/\/schema.org","@graph":[{"@type":"WebPage","@id":"https:\/\/www.pulp-tec.com\/pl\/usluga-zglaszania-nieprawidlowosci\/","url":"https:\/\/www.pulp-tec.com\/pl\/usluga-zglaszania-nieprawidlowosci\/","name":"Us\u0142uga zg\u0142aszania nieprawid\u0142owo\u015bci - Pulp-Tec","isPartOf":{"@id":"https:\/\/www.pulp-tec.com\/pl\/#website"},"datePublished":"2025-06-30T16:14:17+00:00","dateModified":"2025-07-22T13:59:33+00:00","breadcrumb":{"@id":"https:\/\/www.pulp-tec.com\/pl\/usluga-zglaszania-nieprawidlowosci\/#breadcrumb"},"inLanguage":"pl-PL","potentialAction":[{"@type":"ReadAction","target":["https:\/\/www.pulp-tec.com\/pl\/usluga-zglaszania-nieprawidlowosci\/"]}]},{"@type":"BreadcrumbList","@id":"https:\/\/www.pulp-tec.com\/pl\/usluga-zglaszania-nieprawidlowosci\/#breadcrumb","itemListElement":[{"@type":"ListItem","position":1,"name":"Start","item":"https:\/\/www.pulp-tec.com\/pl\/pulptec-home\/"},{"@type":"ListItem","position":2,"name":"Us\u0142uga zg\u0142aszania nieprawid\u0142owo\u015bci"}]},{"@type":"WebSite","@id":"https:\/\/www.pulp-tec.com\/pl\/#website","url":"https:\/\/www.pulp-tec.com\/pl\/","name":"Pulp-Tec","description":"Moulded Pulp","publisher":{"@id":"https:\/\/www.pulp-tec.com\/pl\/#organization"},"potentialAction":[{"@type":"SearchAction","target":{"@type":"EntryPoint","urlTemplate":"https:\/\/www.pulp-tec.com\/pl\/?s={search_term_string}"},"query-input":{"@type":"PropertyValueSpecification","valueRequired":true,"valueName":"search_term_string"}}],"inLanguage":"pl-PL"},{"@type":"Organization","@id":"https:\/\/www.pulp-tec.com\/pl\/#organization","name":"Pulp-Tec","url":"https:\/\/www.pulp-tec.com\/pl\/","logo":{"@type":"ImageObject","inLanguage":"pl-PL","@id":"https:\/\/www.pulp-tec.com\/pl\/#\/schema\/logo\/image\/","url":"https:\/\/www.pulp-tec.com\/wp-content\/uploads\/2025\/06\/pulp-tec-logo.svg","contentUrl":"https:\/\/www.pulp-tec.com\/wp-content\/uploads\/2025\/06\/pulp-tec-logo.svg","width":62,"height":70,"caption":"Pulp-Tec"},"image":{"@id":"https:\/\/www.pulp-tec.com\/pl\/#\/schema\/logo\/image\/"},"sameAs":["https:\/\/www.linkedin.com\/company\/pulp-tec\/?originalSubdomain=de"]}]}},"_links":{"self":[{"href":"https:\/\/www.pulp-tec.com\/pl\/wp-json\/wp\/v2\/pages\/1724","targetHints":{"allow":["GET"]}}],"collection":[{"href":"https:\/\/www.pulp-tec.com\/pl\/wp-json\/wp\/v2\/pages"}],"about":[{"href":"https:\/\/www.pulp-tec.com\/pl\/wp-json\/wp\/v2\/types\/page"}],"author":[{"embeddable":true,"href":"https:\/\/www.pulp-tec.com\/pl\/wp-json\/wp\/v2\/users\/1"}],"replies":[{"embeddable":true,"href":"https:\/\/www.pulp-tec.com\/pl\/wp-json\/wp\/v2\/comments?post=1724"}],"version-history":[{"count":1,"href":"https:\/\/www.pulp-tec.com\/pl\/wp-json\/wp\/v2\/pages\/1724\/revisions"}],"predecessor-version":[{"id":1725,"href":"https:\/\/www.pulp-tec.com\/pl\/wp-json\/wp\/v2\/pages\/1724\/revisions\/1725"}],"wp:attachment":[{"href":"https:\/\/www.pulp-tec.com\/pl\/wp-json\/wp\/v2\/media?parent=1724"}],"curies":[{"name":"wp","href":"https:\/\/api.w.org\/{rel}","templated":true}]}}