{"id":1739,"date":"2025-06-26T17:53:06","date_gmt":"2025-06-26T15:53:06","guid":{"rendered":"https:\/\/pulptec.karolzyk.de\/kariera\/"},"modified":"2025-08-04T13:44:54","modified_gmt":"2025-08-04T11:44:54","slug":"kariera","status":"publish","type":"page","link":"https:\/\/www.pulp-tec.com\/pl\/kariera\/","title":{"rendered":"Kariera"},"content":{"rendered":"[vc_row type=&#8221;full_width_background&#8221; full_screen_row_position=&#8221;middle&#8221; column_margin=&#8221;default&#8221; column_direction=&#8221;default&#8221; column_direction_tablet=&#8221;default&#8221; column_direction_phone=&#8221;default&#8221; bg_color=&#8221;#ffffff&#8221; bg_image=&#8221;665&#8243; bg_position=&#8221;right top&#8221; background_image_loading=&#8221;default&#8221; bg_repeat=&#8221;no-repeat&#8221; scene_position=&#8221;center&#8221; top_padding=&#8221;6%&#8221; constrain_group_1=&#8221;yes&#8221; bottom_padding=&#8221;6%&#8221; text_color=&#8221;light&#8221; text_align=&#8221;left&#8221; row_border_radius=&#8221;none&#8221; row_border_radius_applies=&#8221;bg&#8221; overflow=&#8221;visible&#8221; overlay_strength=&#8221;0.3&#8243; gradient_direction=&#8221;left_to_right&#8221; shape_divider_position=&#8221;bottom&#8221; bg_image_animation=&#8221;none&#8221; gradient_type=&#8221;default&#8221; shape_type=&#8221;&#8221;][vc_column column_padding=&#8221;no-extra-padding&#8221; column_padding_tablet=&#8221;inherit&#8221; column_padding_phone=&#8221;inherit&#8221; column_padding_position=&#8221;all&#8221; column_element_direction_desktop=&#8221;default&#8221; column_element_spacing=&#8221;default&#8221; desktop_text_alignment=&#8221;default&#8221; tablet_text_alignment=&#8221;default&#8221; phone_text_alignment=&#8221;default&#8221; background_color_opacity=&#8221;1&#8243; background_hover_color_opacity=&#8221;1&#8243; column_backdrop_filter=&#8221;none&#8221; column_shadow=&#8221;none&#8221; column_border_radius=&#8221;none&#8221; column_link_target=&#8221;_self&#8221; column_position=&#8221;default&#8221; gradient_direction=&#8221;left_to_right&#8221; overlay_strength=&#8221;0.3&#8243; width=&#8221;1\/1&#8243; tablet_width_inherit=&#8221;default&#8221; animation_type=&#8221;default&#8221; bg_image_animation=&#8221;none&#8221; border_type=&#8221;simple&#8221; column_border_width=&#8221;none&#8221; column_border_style=&#8221;solid&#8221;][vc_row_inner column_margin=&#8221;default&#8221; column_direction=&#8221;default&#8221; column_direction_tablet=&#8221;default&#8221; column_direction_phone=&#8221;default&#8221; text_align=&#8221;left&#8221; row_position=&#8221;default&#8221; row_position_tablet=&#8221;inherit&#8221; row_position_phone=&#8221;inherit&#8221; overflow=&#8221;visible&#8221; pointer_events=&#8221;all&#8221;][vc_column_inner column_padding=&#8221;no-extra-padding&#8221; column_padding_tablet=&#8221;inherit&#8221; column_padding_phone=&#8221;inherit&#8221; column_padding_position=&#8221;all&#8221; column_element_direction_desktop=&#8221;default&#8221; column_element_spacing=&#8221;default&#8221; desktop_text_alignment=&#8221;default&#8221; tablet_text_alignment=&#8221;default&#8221; phone_text_alignment=&#8221;default&#8221; background_color_opacity=&#8221;1&#8243; background_hover_color_opacity=&#8221;1&#8243; column_backdrop_filter=&#8221;none&#8221; column_shadow=&#8221;none&#8221; column_border_radius=&#8221;none&#8221; column_link_target=&#8221;_self&#8221; overflow=&#8221;visible&#8221; gradient_direction=&#8221;left_to_right&#8221; overlay_strength=&#8221;0.3&#8243; width=&#8221;1\/2&#8243; tablet_width_inherit=&#8221;default&#8221; animation_type=&#8221;default&#8221; bg_image_animation=&#8221;none&#8221; border_type=&#8221;simple&#8221; column_border_width=&#8221;none&#8221; column_border_style=&#8221;solid&#8221;][\/vc_column_inner][vc_column_inner column_padding=&#8221;no-extra-padding&#8221; column_padding_tablet=&#8221;inherit&#8221; column_padding_phone=&#8221;inherit&#8221; column_padding_position=&#8221;all&#8221; column_element_direction_desktop=&#8221;default&#8221; column_element_spacing=&#8221;default&#8221; desktop_text_alignment=&#8221;default&#8221; tablet_text_alignment=&#8221;default&#8221; phone_text_alignment=&#8221;default&#8221; background_color_opacity=&#8221;1&#8243; background_hover_color_opacity=&#8221;1&#8243; column_backdrop_filter=&#8221;none&#8221; column_shadow=&#8221;none&#8221; column_border_radius=&#8221;none&#8221; column_link_target=&#8221;_self&#8221; overflow=&#8221;visible&#8221; gradient_direction=&#8221;left_to_right&#8221; overlay_strength=&#8221;0.3&#8243; width=&#8221;1\/2&#8243; tablet_width_inherit=&#8221;default&#8221; animation_type=&#8221;default&#8221; bg_image_animation=&#8221;none&#8221; border_type=&#8221;simple&#8221; column_border_width=&#8221;none&#8221; column_border_style=&#8221;solid&#8221; column_padding_type=&#8221;default&#8221; gradient_type=&#8221;default&#8221;][split_line_heading animation_type=&#8221;line-reveal-by-space&#8221; font_style=&#8221;h1&#8243; text_color=&#8221;#92bdd9&#8243; line_reveal_by_space_text_effect=&#8221;default&#8221; content_alignment=&#8221;default&#8221; mobile_content_alignment=&#8221;inherit&#8221; link_target=&#8221;_self&#8221; text_content=&#8221;Kariera&#8221; text_direction=&#8221;default&#8221;][\/split_line_heading][vc_column_text css=&#8221;&#8221; text_direction=&#8221;default&#8221;]\n<h3 class=\"hl-sub\">Pulp-Tec jest doskona\u0142ym miejscem do pracy, w kt\u00f3rym kierownictwo i pracownicy s\u0105 inspirowani do osi\u0105gania jak najlepszych wynik\u00f3w.<\/h3>\n<p>Ka\u017cdy z nas aktywnie pracuje na sukces naszej firmy. Dzia\u0142amy, aby generowa\u0107 zyski, trzymamy si\u0119 naszych warto\u015bci i bierzemy odpowiedzialno\u015b\u0107 za wyniki naszych dzia\u0142a\u0144. <\/p>\n<h3>Wielka Brytania<\/h3>\n<p>Prosimy o przes\u0142anie zg\u0142oszenia na adres:<br \/><a href=\"mailto:career-pl@pulp-tec.com\">career-pl@pulp-tec.com<\/a><\/p>\n<h3>Niemcy<\/h3>\n<p>Prosimy o przes\u0142anie zg\u0142oszenia na adres:<br \/><a href=\"mailto:career-pl@pulp-tec.com\">career-pl@pulp-tec.com<\/a><\/p>\n<h3>Polska<\/h3>\n<p>Prosimy o przes\u0142anie zg\u0142oszenia na adres:<br \/><a href=\"mailto:career-pl@pulp-tec.com\">career-pl@pulp-tec.com<\/a>[\/vc_column_text][nectar_cta btn_style=&#8221;basic&#8221; heading_tag=&#8221;h3&#8243; button_color=&#8221;default&#8221; text_color=&#8221;#92bdd9&#8243; button_border_thickness=&#8221;0px&#8221; link_type=&#8221;regular&#8221; alignment=&#8221;left&#8221; alignment_tablet=&#8221;default&#8221; alignment_phone=&#8221;default&#8221; display=&#8221;block&#8221; display_tablet=&#8221;inherit&#8221; display_phone=&#8221;inherit&#8221; icon_family=&#8221;fontawesome&#8221; link_text=&#8221;Zobacz tak\u017ce nasze oferty pracy w Niemczech&#8221; icon_fontawesome=&#8221;fa fa-angle-right&#8221; url=&#8221;https:\/\/www.pulp-tec.com\/pl\/kariera\/&#8221;][nectar_cta btn_style=&#8221;basic&#8221; heading_tag=&#8221;h3&#8243; button_color=&#8221;default&#8221; text_color=&#8221;#92bdd9&#8243; button_border_thickness=&#8221;0px&#8221; link_type=&#8221;regular&#8221; alignment=&#8221;left&#8221; alignment_tablet=&#8221;default&#8221; alignment_phone=&#8221;default&#8221; display=&#8221;block&#8221; display_tablet=&#8221;inherit&#8221; display_phone=&#8221;inherit&#8221; icon_family=&#8221;fontawesome&#8221; link_text=&#8221;Zobacz r\u00f3wnie\u017c nasze polskie oferty pracy&#8221; icon_fontawesome=&#8221;fa fa-angle-right&#8221; url=&#8221;https:\/\/www.pulp-tec.com\/pl\/kariera\/&#8221;][\/vc_column_inner][\/vc_row_inner][\/vc_column][\/vc_row]\n","protected":false},"excerpt":{"rendered":"<p>[vc_row type=&#8221;full_width_background&#8221; full_screen_row_position=&#8221;middle&#8221; column_margin=&#8221;default&#8221; column_direction=&#8221;default&#8221; column_direction_tablet=&#8221;default&#8221; column_direction_phone=&#8221;default&#8221; bg_color=&#8221;#ffffff&#8221; bg_image=&#8221;665&#8243; bg_position=&#8221;right top&#8221; background_image_loading=&#8221;default&#8221; bg_repeat=&#8221;no-repeat&#8221; scene_position=&#8221;center&#8221; top_padding=&#8221;6%&#8221; constrain_group_1=&#8221;yes&#8221; bottom_padding=&#8221;6%&#8221; text_color=&#8221;light&#8221; text_align=&#8221;left&#8221; row_border_radius=&#8221;none&#8221; row_border_radius_applies=&#8221;bg&#8221; overflow=&#8221;visible&#8221; overlay_strength=&#8221;0.3&#8243; gradient_direction=&#8221;left_to_right&#8221; shape_divider_position=&#8221;bottom&#8221; bg_image_animation=&#8221;none&#8221; gradient_type=&#8221;default&#8221; shape_type=&#8221;&#8221;][vc_column column_padding=&#8221;no-extra-padding&#8221; column_padding_tablet=&#8221;inherit&#8221;&#8230;<\/p>\n","protected":false},"author":1,"featured_media":0,"parent":0,"menu_order":0,"comment_status":"closed","ping_status":"closed","template":"","meta":{"_acf_changed":false,"inline_featured_image":false,"footnotes":""},"class_list":["post-1739","page","type-page","status-publish"],"acf":[],"yoast_head":"<!-- This site is optimized with the Yoast SEO plugin v27.4 - https:\/\/yoast.com\/product\/yoast-seo-wordpress\/ -->\n<title>Kariera - Pulp-Tec<\/title>\n<meta name=\"robots\" content=\"index, follow, max-snippet:-1, max-image-preview:large, max-video-preview:-1\" \/>\n<link rel=\"canonical\" href=\"https:\/\/www.pulp-tec.com\/pl\/kariera\/\" \/>\n<meta property=\"og:locale\" content=\"pl_PL\" \/>\n<meta property=\"og:type\" content=\"article\" \/>\n<meta property=\"og:title\" content=\"Kariera - Pulp-Tec\" \/>\n<meta property=\"og:description\" content=\"[vc_row type=&#8221;full_width_background&#8221; full_screen_row_position=&#8221;middle&#8221; column_margin=&#8221;default&#8221; column_direction=&#8221;default&#8221; column_direction_tablet=&#8221;default&#8221; column_direction_phone=&#8221;default&#8221; bg_color=&#8221;#ffffff&#8221; bg_image=&#8221;665&#8243; bg_position=&#8221;right top&#8221; background_image_loading=&#8221;default&#8221; bg_repeat=&#8221;no-repeat&#8221; scene_position=&#8221;center&#8221; top_padding=&#8221;6%&#8221; constrain_group_1=&#8221;yes&#8221; bottom_padding=&#8221;6%&#8221; text_color=&#8221;light&#8221; text_align=&#8221;left&#8221; row_border_radius=&#8221;none&#8221; row_border_radius_applies=&#8221;bg&#8221; overflow=&#8221;visible&#8221; overlay_strength=&#8221;0.3&#8243; gradient_direction=&#8221;left_to_right&#8221; shape_divider_position=&#8221;bottom&#8221; bg_image_animation=&#8221;none&#8221; gradient_type=&#8221;default&#8221; shape_type=&#8221;&#8221;][vc_column column_padding=&#8221;no-extra-padding&#8221; column_padding_tablet=&#8221;inherit&#8221;...\" \/>\n<meta property=\"og:url\" content=\"https:\/\/www.pulp-tec.com\/pl\/kariera\/\" \/>\n<meta property=\"og:site_name\" content=\"Pulp-Tec\" \/>\n<meta property=\"article:modified_time\" content=\"2025-08-04T11:44:54+00:00\" \/>\n<meta name=\"twitter:card\" content=\"summary_large_image\" \/>\n<meta name=\"twitter:label1\" content=\"Szacowany czas czytania\" \/>\n\t<meta name=\"twitter:data1\" content=\"3 minuty\" \/>\n<script type=\"application\/ld+json\" class=\"yoast-schema-graph\">{\"@context\":\"https:\\\/\\\/schema.org\",\"@graph\":[{\"@type\":\"WebPage\",\"@id\":\"https:\\\/\\\/www.pulp-tec.com\\\/pl\\\/kariera\\\/\",\"url\":\"https:\\\/\\\/www.pulp-tec.com\\\/pl\\\/kariera\\\/\",\"name\":\"Kariera - Pulp-Tec\",\"isPartOf\":{\"@id\":\"https:\\\/\\\/www.pulp-tec.com\\\/pl\\\/#website\"},\"datePublished\":\"2025-06-26T15:53:06+00:00\",\"dateModified\":\"2025-08-04T11:44:54+00:00\",\"breadcrumb\":{\"@id\":\"https:\\\/\\\/www.pulp-tec.com\\\/pl\\\/kariera\\\/#breadcrumb\"},\"inLanguage\":\"pl-PL\",\"potentialAction\":[{\"@type\":\"ReadAction\",\"target\":[\"https:\\\/\\\/www.pulp-tec.com\\\/pl\\\/kariera\\\/\"]}]},{\"@type\":\"BreadcrumbList\",\"@id\":\"https:\\\/\\\/www.pulp-tec.com\\\/pl\\\/kariera\\\/#breadcrumb\",\"itemListElement\":[{\"@type\":\"ListItem\",\"position\":1,\"name\":\"Start\",\"item\":\"https:\\\/\\\/www.pulp-tec.com\\\/pl\\\/pulptec-home\\\/\"},{\"@type\":\"ListItem\",\"position\":2,\"name\":\"Kariera\"}]},{\"@type\":\"WebSite\",\"@id\":\"https:\\\/\\\/www.pulp-tec.com\\\/pl\\\/#website\",\"url\":\"https:\\\/\\\/www.pulp-tec.com\\\/pl\\\/\",\"name\":\"Pulp-Tec\",\"description\":\"Moulded Pulp\",\"publisher\":{\"@id\":\"https:\\\/\\\/www.pulp-tec.com\\\/pl\\\/#organization\"},\"potentialAction\":[{\"@type\":\"SearchAction\",\"target\":{\"@type\":\"EntryPoint\",\"urlTemplate\":\"https:\\\/\\\/www.pulp-tec.com\\\/pl\\\/?s={search_term_string}\"},\"query-input\":{\"@type\":\"PropertyValueSpecification\",\"valueRequired\":true,\"valueName\":\"search_term_string\"}}],\"inLanguage\":\"pl-PL\"},{\"@type\":\"Organization\",\"@id\":\"https:\\\/\\\/www.pulp-tec.com\\\/pl\\\/#organization\",\"name\":\"Pulp-Tec\",\"url\":\"https:\\\/\\\/www.pulp-tec.com\\\/pl\\\/\",\"logo\":{\"@type\":\"ImageObject\",\"inLanguage\":\"pl-PL\",\"@id\":\"https:\\\/\\\/www.pulp-tec.com\\\/pl\\\/#\\\/schema\\\/logo\\\/image\\\/\",\"url\":\"https:\\\/\\\/www.pulp-tec.com\\\/wp-content\\\/uploads\\\/2025\\\/06\\\/pulp-tec-logo.svg\",\"contentUrl\":\"https:\\\/\\\/www.pulp-tec.com\\\/wp-content\\\/uploads\\\/2025\\\/06\\\/pulp-tec-logo.svg\",\"width\":62,\"height\":70,\"caption\":\"Pulp-Tec\"},\"image\":{\"@id\":\"https:\\\/\\\/www.pulp-tec.com\\\/pl\\\/#\\\/schema\\\/logo\\\/image\\\/\"},\"sameAs\":[\"https:\\\/\\\/www.linkedin.com\\\/company\\\/pulp-tec\\\/?originalSubdomain=de\"]}]}<\/script>\n<!-- \/ Yoast SEO plugin. -->","yoast_head_json":{"title":"Kariera - Pulp-Tec","robots":{"index":"index","follow":"follow","max-snippet":"max-snippet:-1","max-image-preview":"max-image-preview:large","max-video-preview":"max-video-preview:-1"},"canonical":"https:\/\/www.pulp-tec.com\/pl\/kariera\/","og_locale":"pl_PL","og_type":"article","og_title":"Kariera - Pulp-Tec","og_description":"[vc_row type=&#8221;full_width_background&#8221; full_screen_row_position=&#8221;middle&#8221; column_margin=&#8221;default&#8221; column_direction=&#8221;default&#8221; column_direction_tablet=&#8221;default&#8221; column_direction_phone=&#8221;default&#8221; bg_color=&#8221;#ffffff&#8221; bg_image=&#8221;665&#8243; bg_position=&#8221;right top&#8221; background_image_loading=&#8221;default&#8221; bg_repeat=&#8221;no-repeat&#8221; scene_position=&#8221;center&#8221; top_padding=&#8221;6%&#8221; constrain_group_1=&#8221;yes&#8221; bottom_padding=&#8221;6%&#8221; text_color=&#8221;light&#8221; text_align=&#8221;left&#8221; row_border_radius=&#8221;none&#8221; row_border_radius_applies=&#8221;bg&#8221; overflow=&#8221;visible&#8221; overlay_strength=&#8221;0.3&#8243; gradient_direction=&#8221;left_to_right&#8221; shape_divider_position=&#8221;bottom&#8221; bg_image_animation=&#8221;none&#8221; gradient_type=&#8221;default&#8221; shape_type=&#8221;&#8221;][vc_column column_padding=&#8221;no-extra-padding&#8221; column_padding_tablet=&#8221;inherit&#8221;...","og_url":"https:\/\/www.pulp-tec.com\/pl\/kariera\/","og_site_name":"Pulp-Tec","article_modified_time":"2025-08-04T11:44:54+00:00","twitter_card":"summary_large_image","twitter_misc":{"Szacowany czas czytania":"3 minuty"},"schema":{"@context":"https:\/\/schema.org","@graph":[{"@type":"WebPage","@id":"https:\/\/www.pulp-tec.com\/pl\/kariera\/","url":"https:\/\/www.pulp-tec.com\/pl\/kariera\/","name":"Kariera - Pulp-Tec","isPartOf":{"@id":"https:\/\/www.pulp-tec.com\/pl\/#website"},"datePublished":"2025-06-26T15:53:06+00:00","dateModified":"2025-08-04T11:44:54+00:00","breadcrumb":{"@id":"https:\/\/www.pulp-tec.com\/pl\/kariera\/#breadcrumb"},"inLanguage":"pl-PL","potentialAction":[{"@type":"ReadAction","target":["https:\/\/www.pulp-tec.com\/pl\/kariera\/"]}]},{"@type":"BreadcrumbList","@id":"https:\/\/www.pulp-tec.com\/pl\/kariera\/#breadcrumb","itemListElement":[{"@type":"ListItem","position":1,"name":"Start","item":"https:\/\/www.pulp-tec.com\/pl\/pulptec-home\/"},{"@type":"ListItem","position":2,"name":"Kariera"}]},{"@type":"WebSite","@id":"https:\/\/www.pulp-tec.com\/pl\/#website","url":"https:\/\/www.pulp-tec.com\/pl\/","name":"Pulp-Tec","description":"Moulded Pulp","publisher":{"@id":"https:\/\/www.pulp-tec.com\/pl\/#organization"},"potentialAction":[{"@type":"SearchAction","target":{"@type":"EntryPoint","urlTemplate":"https:\/\/www.pulp-tec.com\/pl\/?s={search_term_string}"},"query-input":{"@type":"PropertyValueSpecification","valueRequired":true,"valueName":"search_term_string"}}],"inLanguage":"pl-PL"},{"@type":"Organization","@id":"https:\/\/www.pulp-tec.com\/pl\/#organization","name":"Pulp-Tec","url":"https:\/\/www.pulp-tec.com\/pl\/","logo":{"@type":"ImageObject","inLanguage":"pl-PL","@id":"https:\/\/www.pulp-tec.com\/pl\/#\/schema\/logo\/image\/","url":"https:\/\/www.pulp-tec.com\/wp-content\/uploads\/2025\/06\/pulp-tec-logo.svg","contentUrl":"https:\/\/www.pulp-tec.com\/wp-content\/uploads\/2025\/06\/pulp-tec-logo.svg","width":62,"height":70,"caption":"Pulp-Tec"},"image":{"@id":"https:\/\/www.pulp-tec.com\/pl\/#\/schema\/logo\/image\/"},"sameAs":["https:\/\/www.linkedin.com\/company\/pulp-tec\/?originalSubdomain=de"]}]}},"_links":{"self":[{"href":"https:\/\/www.pulp-tec.com\/pl\/wp-json\/wp\/v2\/pages\/1739","targetHints":{"allow":["GET"]}}],"collection":[{"href":"https:\/\/www.pulp-tec.com\/pl\/wp-json\/wp\/v2\/pages"}],"about":[{"href":"https:\/\/www.pulp-tec.com\/pl\/wp-json\/wp\/v2\/types\/page"}],"author":[{"embeddable":true,"href":"https:\/\/www.pulp-tec.com\/pl\/wp-json\/wp\/v2\/users\/1"}],"replies":[{"embeddable":true,"href":"https:\/\/www.pulp-tec.com\/pl\/wp-json\/wp\/v2\/comments?post=1739"}],"version-history":[{"count":5,"href":"https:\/\/www.pulp-tec.com\/pl\/wp-json\/wp\/v2\/pages\/1739\/revisions"}],"predecessor-version":[{"id":2076,"href":"https:\/\/www.pulp-tec.com\/pl\/wp-json\/wp\/v2\/pages\/1739\/revisions\/2076"}],"wp:attachment":[{"href":"https:\/\/www.pulp-tec.com\/pl\/wp-json\/wp\/v2\/media?parent=1739"}],"curies":[{"name":"wp","href":"https:\/\/api.w.org\/{rel}","templated":true}]}}